{"id":2548,"date":"2025-03-26T11:12:59","date_gmt":"2025-03-26T15:12:59","guid":{"rendered":"https:\/\/deneigement.com\/?page_id=2548"},"modified":"2025-11-04T15:39:11","modified_gmt":"2025-11-04T20:39:11","slug":"snow-removal-quote","status":"publish","type":"page","link":"https:\/\/deneigement.com\/en\/snow-removal-quote\/","title":{"rendered":"Snow removal quote"},"content":{"rendered":"\t\t<div data-elementor-type=\"wp-page\" data-elementor-id=\"2548\" class=\"elementor elementor-2548 elementor-2546\" data-elementor-post-type=\"page\">\n\t\t\t\t<div class=\"elementor-element elementor-element-772a942e e-con-full e-flex e-con e-parent\" data-id=\"772a942e\" data-element_type=\"container\" data-e-type=\"container\" data-settings=\"{&quot;background_background&quot;:&quot;slideshow&quot;,&quot;background_slideshow_gallery&quot;:[{&quot;id&quot;:960,&quot;url&quot;:&quot;https:\\\/\\\/deneigement.com\\\/wp-content\\\/uploads\\\/2023\\\/11\\\/deneigement-hollandia_equipment_snowblower.jpg&quot;},{&quot;id&quot;:962,&quot;url&quot;:&quot;https:\\\/\\\/deneigement.com\\\/wp-content\\\/uploads\\\/2023\\\/11\\\/snow-removal_St-Constant.jpg&quot;},{&quot;id&quot;:973,&quot;url&quot;:&quot;https:\\\/\\\/deneigement.com\\\/wp-content\\\/uploads\\\/2023\\\/11\\\/deneigement_hollandia_cedar-hedge_cutting_cedar_hedge_shrub_leaves_landscaper_landscaping.jpg&quot;},{&quot;id&quot;:969,&quot;url&quot;:&quot;https:\\\/\\\/deneigement.com\\\/wp-content\\\/uploads\\\/2023\\\/11\\\/deneigement-hollandia_flowerbed_flowers_landscaping_landscaper.jpg&quot;}],&quot;background_slideshow_loop&quot;:&quot;yes&quot;,&quot;background_slideshow_slide_duration&quot;:5000,&quot;background_slideshow_slide_transition&quot;:&quot;fade&quot;,&quot;background_slideshow_transition_duration&quot;:500}\">\n\t\t\t\t<div class=\"elementor-element elementor-element-4417db14 elementor-widget elementor-widget-heading\" data-id=\"4417db14\" data-element_type=\"widget\" data-e-type=\"widget\" data-widget_type=\"heading.default\">\n\t\t\t\t<div class=\"elementor-widget-container\">\n\t\t\t\t\t<h1 class=\"elementor-heading-title elementor-size-default\">Snow removal quote<\/h1>\t\t\t\t<\/div>\n\t\t\t\t<\/div>\n\t\t\t\t<\/div>\n\t\t<div class=\"elementor-element elementor-element-a35fb72 e-flex e-con-boxed e-con e-parent\" data-id=\"a35fb72\" data-element_type=\"container\" data-e-type=\"container\">\n\t\t\t\t\t<div class=\"e-con-inner\">\n\t\t\t\t<div class=\"elementor-element elementor-element-48af72c elementor-widget elementor-widget-formidable\" data-id=\"48af72c\" data-element_type=\"widget\" data-e-type=\"widget\" data-widget_type=\"formidable.default\">\n\t\t\t\t<div class=\"elementor-widget-container\">\n\t\t\t\t\t<div class=\"frm_forms  with_frm_style frm_style_style-formidable\" id=\"frm_form_12_container\" data-token=\"df49108532a9643f9fb3b5ccb88053c5\">\n<form enctype=\"multipart\/form-data\" method=\"post\" class=\"frm-show-form  frm_js_validate  frm_pro_form \" id=\"form_soumissiondneigement2\" data-token=\"df49108532a9643f9fb3b5ccb88053c5\">\n<div class=\"frm_form_fields  frm_page_num_1\">\n<fieldset>\n<legend class=\"frm_screen_reader\">Snow removal quote<\/legend>\r\n\r\n<div class=\"frm_fields_container\">\n<div class=\"frm_rootline_group\" role=\"group\" tabindex=\"0\" aria-label=\"Page 1 of 2\" ><ul class=\"frm_page_bar frm_rootline_2 frm_progress frm_progress_line  frm_show_lines \"><li class=\"frm_rootline_single frm_current_page\"><input type=\"button\" value=\"1\" data-page=\"\" class=\" frm_page_1\" aria-disabled=\"true\" data-field=\"0\" aria-label=\"Page 1\"  \/><\/li><li class=\"frm_rootline_single\"><input type=\"button\" value=\"2\" data-page=\"17\" class=\"frm_page_skip frm_page_2\" data-field=\"161\" aria-label=\"Suivant\"  \/><\/li><\/ul><div class=\"frm_percent_complete\">0% Complete<\/div><div class=\"frm_pages_complete\">1 of 2<\/div><div class=\"frm_clearfix\"><\/div><\/div><input type=\"hidden\" name=\"frm_action\" value=\"create\" \/>\n<input type=\"hidden\" name=\"form_id\" value=\"12\" \/>\n<input type=\"hidden\" name=\"frm_hide_fields_12\" id=\"frm_hide_fields_12\" value=\"\" \/>\n<input type=\"hidden\" name=\"form_key\" value=\"soumissiondneigement2\" \/>\n<input type=\"hidden\" name=\"item_meta[0]\" value=\"\" \/>\n<input type=\"hidden\" id=\"frm_submit_entry_12\" name=\"frm_submit_entry_12\" value=\"d67cad336b\" \/><input type=\"hidden\" name=\"_wp_http_referer\" value=\"\/en\/wp-json\/wp\/v2\/pages\/2548\" \/><div id=\"frm_field_152_container\" class=\"frm_form_field form-field  frm_required_field frm_top_container frm6 frm_first\">\r\n    <label for=\"field_bpqvo\" id=\"field_bpqvo_label\" class=\"frm_primary_label\">Last Name\r\n        <span class=\"frm_required\" aria-hidden=\"true\">*<\/span>\r\n    <\/label>\r\n    <input  type=\"text\" id=\"field_bpqvo\" name=\"item_meta[152]\" value=\"\"  data-reqmsg=\"Last Name ne peut pas \u00eatre vide.\" aria-required=\"true\" data-invmsg=\"texte est non valide\" aria-invalid=\"false\"   \/>\r\n    \r\n    \r\n<\/div>\n<div id=\"frm_field_153_container\" class=\"frm_form_field form-field  frm_required_field frm_top_container frm6\">\r\n    <label for=\"field_mym07\" id=\"field_mym07_label\" class=\"frm_primary_label\">First name\r\n        <span class=\"frm_required\" aria-hidden=\"true\">*<\/span>\r\n    <\/label>\r\n    <input  type=\"text\" id=\"field_mym07\" name=\"item_meta[153]\" value=\"\"  data-reqmsg=\"First name ne peut pas \u00eatre vide.\" aria-required=\"true\" data-invmsg=\"texte est non valide\" aria-invalid=\"false\"   \/>\r\n    \r\n    \r\n<\/div>\n<div id=\"frm_field_154_container\" class=\"frm_form_field form-field  frm_top_container frm12 frm_first\">\r\n    <label for=\"field_1xzur\" id=\"field_1xzur_label\" class=\"frm_primary_label\">Phone\r\n        <span class=\"frm_required\" aria-hidden=\"true\"><\/span>\r\n    <\/label>\r\n    <input type=\"tel\" id=\"field_1xzur\" name=\"item_meta[154]\" value=\"\"  data-invmsg=\"Phone is invalid\" aria-invalid=\"false\" pattern=\"((\\+\\d{1,3}(-|.| )?\\(?\\d\\)?(-| |.)?\\d{1,5})|(\\(?\\d{2,6}\\)?))(-|.| )?(\\d{3,4})(-|.| )?(\\d{4})(( x| ext)\\d{1,5}){0,1}$\"  \/>\r\n    \r\n    \r\n<\/div>\n<div id=\"frm_field_155_container\" class=\"frm_form_field form-field  frm_required_field frm_top_container frm12 frm_first\">\r\n    <label for=\"field_r811z\" id=\"field_r811z_label\" class=\"frm_primary_label\">Email\r\n        <span class=\"frm_required\" aria-hidden=\"true\">*<\/span>\r\n    <\/label>\r\n    <input type=\"email\" id=\"field_r811z\" name=\"item_meta[155]\" value=\"\"  data-reqmsg=\"Ce champ ne peut pas \u00eatre vide\" aria-required=\"true\" data-invmsg=\"Email est non valide\" aria-invalid=\"false\"  \/>\r\n    \r\n    \r\n<\/div>\n<div id=\"frm_field_156_container\" class=\"frm_form_field form-field  frm_required_field frm_top_container frm12 frm_first\">\r\n    <label for=\"field_dk2c4\" id=\"field_dk2c4_label\" class=\"frm_primary_label\">Address\r\n        <span class=\"frm_required\" aria-hidden=\"true\">*<\/span>\r\n    <\/label>\r\n    <input  type=\"text\" id=\"field_dk2c4\" name=\"item_meta[156]\" value=\"\"  data-reqmsg=\"Ce champ ne peut pas \u00eatre vide\" aria-required=\"true\" data-invmsg=\"texte est non valide\" aria-invalid=\"false\"   \/>\r\n    \r\n    \r\n<\/div>\n<div id=\"frm_field_157_container\" class=\"frm_form_field form-field  frm_required_field frm_top_container frm4 frm_first\">\r\n    <label for=\"field_uydun\" id=\"field_uydun_label\" class=\"frm_primary_label\">City\r\n        <span class=\"frm_required\" aria-hidden=\"true\">*<\/span>\r\n    <\/label>\r\n    <input  type=\"text\" id=\"field_uydun\" name=\"item_meta[157]\" value=\"\"  data-reqmsg=\"Ce champ ne peut pas \u00eatre vide\" aria-required=\"true\" data-invmsg=\"texte est non valide\" aria-invalid=\"false\"   \/>\r\n    \r\n    \r\n<\/div>\n<div id=\"frm_field_158_container\" class=\"frm_form_field form-field  frm_required_field frm_top_container frm4\">\r\n    <label for=\"field_17x7c\" id=\"field_17x7c_label\" class=\"frm_primary_label\">Province\r\n        <span class=\"frm_required\" aria-hidden=\"true\">*<\/span>\r\n    <\/label>\r\n    <input  type=\"text\" id=\"field_17x7c\" name=\"item_meta[158]\" value=\"\"  data-reqmsg=\"Ce champ ne peut pas \u00eatre vide\" aria-required=\"true\" data-invmsg=\"texte est non valide\" aria-invalid=\"false\"   \/>\r\n    \r\n    \r\n<\/div>\n<div id=\"frm_field_159_container\" class=\"frm_form_field form-field  frm_required_field frm_top_container frm4\">\r\n    <label for=\"field_sdmvc\" id=\"field_sdmvc_label\" class=\"frm_primary_label\">Postal code\r\n        <span class=\"frm_required\" aria-hidden=\"true\">*<\/span>\r\n    <\/label>\r\n    <input  type=\"text\" id=\"field_sdmvc\" name=\"item_meta[159]\" value=\"\"  data-reqmsg=\"Postal code can not be empty\" aria-required=\"true\" data-invmsg=\"text is invalid\" aria-invalid=\"false\"   \/>\r\n    \r\n    \r\n<\/div>\n<div id=\"frm_field_160_container\" class=\"frm_form_field form-field  frm_top_container\">\r\n    <label for=\"field_avxdy\" id=\"field_avxdy_label\" class=\"frm_primary_label\">What is your current snow plow?\r\n        <span class=\"frm_required\" aria-hidden=\"true\"><\/span>\r\n    <\/label>\r\n    <input  type=\"text\" id=\"field_avxdy\" name=\"item_meta[160]\" value=\"\"  data-invmsg=\"Text not valid\" aria-invalid=\"false\"   \/>\r\n    \r\n    \r\n<\/div>\n<input type=\"hidden\" name=\"frm_page_order_12\" id=\"frm_page_order_12\" value=\"17\" \/>\t\t<input  type=\"hidden\" name=\"item_meta[162]\" id=\"field_w2gar-0\" value=\"\"     \/>\n\t\t\t\t<input  type=\"hidden\" name=\"item_meta[163]\" id=\"field_adh67-0\" value=\"\"     \/>\n\t\t\t\t<input  type=\"hidden\" name=\"item_meta[164]\" id=\"field_5y7bn-0\" value=\"\"     \/>\n\t\t\t\t<input  type=\"hidden\" name=\"item_meta[165]\" id=\"field_fn88q\" value=\"\"     \/>\n\t\t\t\t<input  type=\"hidden\" name=\"item_meta[166]\" id=\"field_958xv-0\" value=\"\"     \/>\n\t\t\t\t<input  type=\"hidden\" name=\"item_meta[167]\" id=\"field_lsa1p-0\" value=\"\"     \/>\n\t\t\t\t<input  type=\"hidden\" name=\"item_meta[168]\" id=\"field_989v9-0\" value=\"\"     \/>\n\t\t\t\t<input  type=\"hidden\" name=\"item_meta[169]\" id=\"field_8y6p2\" value=\"\"     \/>\n\t\t\t\t<input  type=\"hidden\" name=\"item_meta[170]\" id=\"field_yy9dd\" value=\"\"     \/>\n\t\t\t\t<input  type=\"hidden\" name=\"item_meta[171]\" id=\"field_a9ps1\" value=\"\"     \/>\n\t\t\t<input type=\"hidden\" name=\"item_key\" value=\"\" \/>\n\t\t\t<div id=\"frm_field_172_container\">\n\t\t\t<label for=\"field_za3kv\" >\n\t\t\t\tIf you are human, leave this field blank.\t\t\t<\/label>\n\t\t\t<input  id=\"field_za3kv\" type=\"text\" class=\"frm_form_field form-field frm_verify\" name=\"item_meta[172]\" value=\"\"  \/>\n\t\t<\/div>\n\t\t<input name=\"frm_state\" type=\"hidden\" value=\"PlYcx12dbDjsnyTH90PKdHW+exaFM65j\/bn1eI9aU8cF+LhUnJuSV5HbSTcxN5J2\" \/><div class=\"frm_submit\">\r\n\r\n<button class=\"frm_button_submit\" type=\"submit\"   formnovalidate=\"formnovalidate\">Next<\/button>\r\n\r\n\r\n<\/div><\/div>\n<\/fieldset>\n<\/div>\n\n<\/form>\n<\/div>\n\t\t\t\t<\/div>\n\t\t\t\t<\/div>\n\t\t\t\t\t<\/div>\n\t\t\t\t<\/div>\n\t\t\t\t<\/div>\n\t\t","protected":false},"excerpt":{"rendered":"<p>Soumission d\u00e9neigement 0%\u00a0termin\u00e91 de 2 Votre nom * Votre prenom * T\u00e9l\u00e9phone Courriel * Adresse * Ville * Province * Code postal * Quel est votre d\u00e9neigeur actuel ? Si vous \u00eates un humain, ne remplissez pas ce champ. Suivant<\/p>\n","protected":false},"author":2,"featured_media":0,"parent":0,"menu_order":0,"comment_status":"closed","ping_status":"closed","template":"","meta":{"footnotes":""},"class_list":["post-2548","page","type-page","status-publish","hentry"],"_links":{"self":[{"href":"https:\/\/deneigement.com\/en\/wp-json\/wp\/v2\/pages\/2548","targetHints":{"allow":["GET"]}}],"collection":[{"href":"https:\/\/deneigement.com\/en\/wp-json\/wp\/v2\/pages"}],"about":[{"href":"https:\/\/deneigement.com\/en\/wp-json\/wp\/v2\/types\/page"}],"author":[{"embeddable":true,"href":"https:\/\/deneigement.com\/en\/wp-json\/wp\/v2\/users\/2"}],"replies":[{"embeddable":true,"href":"https:\/\/deneigement.com\/en\/wp-json\/wp\/v2\/comments?post=2548"}],"version-history":[{"count":0,"href":"https:\/\/deneigement.com\/en\/wp-json\/wp\/v2\/pages\/2548\/revisions"}],"wp:attachment":[{"href":"https:\/\/deneigement.com\/en\/wp-json\/wp\/v2\/media?parent=2548"}],"curies":[{"name":"wp","href":"https:\/\/api.w.org\/{rel}","templated":true}]}}